{"id":98,"date":"2025-09-12T02:41:31","date_gmt":"2025-09-12T02:41:31","guid":{"rendered":"https:\/\/www.angiomedica.eu\/catalogo\/?post_type=product&#038;p=98"},"modified":"2025-09-12T02:41:31","modified_gmt":"2025-09-12T02:41:31","slug":"trazodone","status":"publish","type":"product","link":"https:\/\/www.angiomedica.eu\/catalogo\/product\/trazodone\/","title":{"rendered":"Trazodone"},"content":{"rendered":"<h1>Guida al Farmaco: Trazodone<\/h1>\n<h2>Nome del farmaco<\/h2>\n<p><strong>Principio attivo:<\/strong> Trazodone<\/p>\n<p><strong>Classe farmacologica:<\/strong> Inibitore della ricaptazione della serotonina e antagonista dei recettori 5-HT2 (SARI)<\/p>\n<h2>Indicazioni comuni<\/h2>\n<ul>\n<li>Depressione maggiore (approvato in molti paesi)<\/li>\n<li>Uso off-label: insonnia (soprattutto se associata a depressione), ansia, disturbi del sonno<\/li>\n<\/ul>\n<h2>Meccanismo d&#8217;azione (sintesi)<\/h2>\n<p>Trazodone agisce inibendo la ricaptazione della serotonina e bloccando selettivamente i recettori 5-HT2. Ha anche attivit\u00e0 antagonista sui recettori alfa-1 adrenergici e sui recettori H1 dell&#8217;istamina, contribuendo agli effetti sedativi e al rischio di ipotensione ortostatica.<\/p>\n<h2>Farmacocinetica (sintesi)<\/h2>\n<ul>\n<li>Somministrazione orale; assorbimento utile per via orale.<\/li>\n<li>Metabolismo epatico, in gran parte tramite il sistema enzimatico CYP3A4.<\/li>\n<li>Emivita di eliminazione approssimativa: 5\u201313 ore (variabile).<\/li>\n<li>Presenza di metaboliti attivi (es. m-chlorophenylpiperazine) che possono contribuire agli effetti.<\/li>\n<\/ul>\n<h2>Forme farmaceutiche comuni<\/h2>\n<ul>\n<li>Compresse (diversi dosaggi: es. 25 mg, 50 mg, 100 mg; variano a seconda del produttore)<\/li>\n<li>Formulazioni a rilascio modificato in alcuni paesi<\/li>\n<\/ul>\n<h2>Dosaggio (indicazioni generali)<\/h2>\n<p>Le indicazioni di seguito sono indicative. Seguire sempre la prescrizione del medico.<\/p>\n<table border=\"1\" cellpadding=\"6\">\n<thead>\n<tr>\n<th>Indicazione<\/th>\n<th>Dosaggio tipico<\/th>\n<th>Note<\/th>\n<\/tr>\n<\/thead>\n<tbody>\n<tr>\n<td>Depressione<\/td>\n<td>150\u2013400 mg\/die, in dosi frazionate (mattina e sera)<\/td>\n<td>Incrementare gradualmente; adattare al singolo paziente<\/td>\n<\/tr>\n<tr>\n<td>Insonnia (uso off-label)<\/td>\n<td>25\u2013100 mg alla sera (somministrazione singola prima di coricarsi)<\/td>\n<td>Spesso dosaggi pi\u00f9 bassi rispetto al trattamento della depressione<\/td>\n<\/tr>\n<tr>\n<td>Anziani<\/td>\n<td>Iniziare con dosi pi\u00f9 basse e titolare lentamente<\/td>\n<td>Maggiore rischio di ipotensione, sedazione e iponatriemia<\/td>\n<\/tr>\n<\/tbody>\n<\/table>\n<h2>Come assumerlo<\/h2>\n<ul>\n<li>Assumere esattamente come prescritto.<\/li>\n<li>Per ridurre problemi gastrointestinali, pu\u00f2 essere assunto con il cibo.<\/li>\n<li>Per insonnia, assumere subito prima di coricarsi e prevedere diverse ore di sonno; evitare di guidare o usare macchinari fino a quando non si conoscono gli effetti.<\/li>\n<li>Non interrompere bruscamente senza consultare il medico; in caso di sospensione il medico pu\u00f2 consigliare una riduzione graduale.<\/li>\n<\/ul>\n<h2>Effetti collaterali<\/h2>\n<table border=\"1\" cellpadding=\"6\">\n<thead>\n<tr>\n<th>Frequenza<\/th>\n<th>Effetti<\/th>\n<\/tr>\n<\/thead>\n<tbody>\n<tr>\n<td>Comuni<\/td>\n<td>Sonno o sedazione, vertigini, secchezza delle fauci, nausea, costipazione, mal di testa, visione offuscata, ipotensione ortostatica<\/td>\n<\/tr>\n<tr>\n<td>Rari ma gravi<\/td>\n<td>Priapismo (erezione prolungata, condizione medica d&#8217;emergenza), sindrome serotoninergica, aritmie cardiache (prolungamento dell&#8217;intervallo QT), convulsioni, reazioni allergiche gravi<\/td>\n<\/tr>\n<tr>\n<td>Particolare attenzione<\/td>\n<td>Iponatriemia (specialmente negli anziani), aumento del rischio di cadute per ipotensione e sedazione, possibile aggravamento del pensiero suicidario in giovani (monitorare)<\/td>\n<\/tr>\n<\/tbody>\n<\/table>\n<h2>Avvertenze e precauzioni<\/h2>\n<ul>\n<li>Non usare insieme o entro 14 giorni dall&#8217;interruzione di un inibitore delle monoamino ossidasi (MAOI). Analogamente, non iniziare un MAOI entro 14 giorni dall&#8217;interruzione del trazodone.<\/li>\n<li>Rischio di sindrome serotoninergica se combinato con altri farmaci serotonergici (SSRI, SNRI, triptani, litio, tramadolo, alcuni antiemetici, ecc.).<\/li>\n<li>Controllare con attenzione pazienti con malattie cardiovascolari: pu\u00f2 causare ipotensione e, raramente, aritmie.<\/li>\n<li>Attenzione in caso di insufficienza epatica o renale: pu\u00f2 essere necessario aggiustare la dose.<\/li>\n<li>Segnalare immediatamente al medico segni di erezione dolorosa o prolungata (priapismo).<\/li>\n<li>Monitorare per sintomi depressivi o ideazione suicidaria, soprattutto all&#8217;inizio della terapia o al cambiamento di dose (giovani e adulti).<\/li>\n<\/ul>\n<h2>Interazioni farmacologiche importanti<\/h2>\n<table border=\"1\" cellpadding=\"6\">\n<thead>\n<tr>\n<th>Farmaco\/Classe<\/th>\n<th>Tipo di interazione<\/th>\n<th>Raccomandazione<\/th>\n<\/tr>\n<\/thead>\n<tbody>\n<tr>\n<td>MAOI (es. fenelzina)<\/td>\n<td>Rischio grave di sindrome serotoninergica<\/td>\n<td>Controindicati insieme; osservare l&#8217;intervallo di washout di 14 giorni<\/td>\n<\/tr>\n<tr>\n<td>Altri serotonergici (SSRI, SNRI, triptani, litio, tramadolo)<\/td>\n<td>Aumento rischio di sindrome serotoninergica<\/td>\n<td>Usare con cautela; monitorare segni e sintomi<\/td>\n<\/tr>\n<tr>\n<td>Inibitori del CYP3A4 (es. ketoconazolo, ritonavir, claritromicina)<\/td>\n<td>Aumentano livelli di trazodone<\/td>\n<td>Possibile riduzione della dose o monitoraggio clinico<\/td>\n<\/tr>\n<tr>\n<td>Induttori del CYP3A4 (es. rifampicina, carbamazepina)<\/td>\n<td>Possono ridurre l&#8217;efficacia di trazodone<\/td>\n<td>Valutare aggiustamento posologico<\/td>\n<\/tr>\n<tr>\n<td>Farmaci che aumentano il rischio di aritmie o prolungano QT<\/td>\n<td>Rischio potenziato di aritmie<\/td>\n<td>Monitorare ECG se necessario; evitare associazioni ad alto rischio<\/td>\n<\/tr>\n<tr>\n<td>Alcol e sedativi (benzodiazepine, oppiacei)<\/td>\n<td>Effetti sedativi e depressivi del SNC aumentati<\/td>\n<td>Evitare o usare con estrema cautela<\/td>\n<\/tr>\n<tr>\n<td>Anticoagulanti orali (warfarin)<\/td>\n<td>Possibile aumento effetto anticoagulante<\/td>\n<td>Monitorare INR se co-somministrati<\/td>\n<\/tr>\n<\/tbody>\n<\/table>\n<h2>Gravidanza e Allattamento<\/h2>\n<ul>\n<li>Gravidanza: i dati sono limitati. L&#8217;uso in gravidanza deve essere valutato dal medico confrontando rischi e benefici.<\/li>\n<li>Allattamento: il trazodone passa nel latte materno; considerare i potenziali effetti sul neonato e discutere con il medico la continuazione dell&#8217;allattamento o del farmaco.<\/li>\n<\/ul>\n<h2>Uso in popolazioni speciali<\/h2>\n<ul>\n<li>Anziani: iniziare con dosi pi\u00f9 basse e monitorare per ipotensione, sedazione e iponatriemia.<\/li>\n<li>Bambini e adolescenti: l&#8217;uso deve essere valutato con cautela; rischio aumentato di ideazione suicidaria in giovani trattati con antidepressivi.<\/li>\n<li>Insufficienza epatica\/renale: pu\u00f2 essere necessario adattare la dose.<\/li>\n<\/ul>\n<h2>Segni di sovradosaggio<\/h2>\n<ul>\n<li>Sintomi possibili: sedazione marcata, confusione, vertigini, vomito, aritmie cardiache, convulsioni, ipotensione, coma.<\/li>\n<li>In caso di sovradosaggio sospetto: contattare immediatamente il servizio di emergenza o recarsi al pronto soccorso. Portare il contenitore del farmaco con s\u00e9.<\/li>\n<\/ul>\n<h2>Cosa fare in caso di effetti indesiderati gravi<\/h2>\n<ul>\n<li>Priapismo (erezione dolorosa e protratta): recarsi immediatamente al pronto soccorso \u2014 \u00e8 un&#8217;emergenza medica.<\/li>\n<li>Segni di reazione allergica grave (respiro difficoltoso, edema del viso o della gola, orticaria, svenimento): chiamare il pronto intervento.<\/li>\n<li>Sintomi di sindrome serotoninergica (agitaizone, tremore, febbre, sudorazione, rigidit\u00e0 muscolare, confusione): consultare urgentemente il medico o il pronto soccorso.<\/li>\n<li>Segni di pensieri suicidari o peggioramento della depressione: contattare subito il medico o servizi di emergenza.<\/li>\n<\/ul>\n<h2>Missed dose (dose dimenticata)<\/h2>\n<ul>\n<li>Se si dimentica una dose, assumerla non appena ci si ricorda, a meno che non sia quasi l&#8217;ora della dose successiva: in tal caso saltare la dose dimenticata.<\/li>\n<li>Non raddoppiare la dose per compensare la dimenticanza.<\/li>\n<\/ul>\n<h2>Conservazione<\/h2>\n<ul>\n<li>Conservare a temperatura ambiente, al riparo da luce e umidit\u00e0.<\/li>\n<li>Mantenere fuori dalla portata dei bambini.<\/li>\n<li>Non usare dopo la data di scadenza indicata sulla confezione.<\/li>\n<\/ul>\n<h2>Monitoraggio consigliato<\/h2>\n<ul>\n<li>Valutazione clinica periodica dei sintomi depressivi e di eventuali effetti collaterali.<\/li>\n<li>Controllo della pressione arteriosa (rischio di ipotensione ortostatica).<\/li>\n<li>Esami del sangue se presenti fattori di rischio per iponatriemia o alterazioni epatiche.<\/li>\n<li>Monitoraggio ECG in pazienti a rischio di aritmie o che assumono farmaci che prolungano il QT.<\/li>\n<\/ul>\n<h2>Domande frequenti<\/h2>\n<ol>\n<li><strong>Posso bere alcol mentre prendo trazodone?<\/strong> No: l&#8217;alcol aumenta la sedazione e il rischio di effetti avversi. Evitare l&#8217;uso combinato.<\/li>\n<li><strong>Quanto tempo prima vedr\u00f2 gli effetti antidepressivi?<\/strong> Potrebbero volerci alcune settimane (generalmente 2\u20136 settimane) per notare un miglioramento significativo; per l&#8217;effetto sedativo contro l&#8217;insonnia l&#8217;effetto \u00e8 spesso rapido.<\/li>\n<li><strong>Posso interrompere il farmaco da solo?<\/strong> Non \u00e8 raccomandato interrompere bruscamente; consultare il medico per una riduzione graduale per evitare sintomi di sospensione.<\/li>\n<\/ol>\n<h2>Riepilogo<\/h2>\n<p>Trazodone \u00e8 un antidepressivo con propriet\u00e0 sedative usato anche per l&#8217;insonnia. \u00c8 efficace ma richiede attenzione per possibili interazioni, ipotensione, rischio di priapismo e sindrome serotoninergica. Seguire sempre le istruzioni del medico, segnalare qualsiasi effetto avverso grave e non combinare con MAOI o altri farmaci serotonergici senza supervisione medica.<\/p>\n<p><em>Questa guida \u00e8 a scopo informativo e non sostituisce il parere del medico. Per consigli personalizzati rivolgersi al proprio medico o farmacista.<\/em><\/p>\n","protected":false},"excerpt":{"rendered":"<p>Il principio attivo \u00e8 il trazodone cloridrato; il farmaco \u00e8 noto anche con nomi commerciali come Desyrel o Oleptro e pu\u00f2 essere venduto con altri marchi. Viene usato principalmente per trattare la depressione e, in alcuni casi, per aiutare a migliorare il sonno quando ci sono problemi di insonnia.<\/p>\n<h2>Prezzo del Trazodone<\/h2>\n<p>L&#8217;intervallo per il prezzo della Trazodone va da 0.68\u20ac a 1.06\u20ac per pillole. Fattori come le dimensioni della confezione e la potenza del principio attivo (30 o 360 pillole; 100mg) giocano un ruolo importante.<\/p>\n","protected":false},"featured_media":128,"comment_status":"open","ping_status":"closed","template":"","meta":{"site-sidebar-layout":"default","site-content-layout":"","ast-site-content-layout":"default","site-content-style":"default","site-sidebar-style":"default","ast-global-header-display":"","ast-banner-title-visibility":"","ast-main-header-display":"","ast-hfb-above-header-display":"","ast-hfb-below-header-display":"","ast-hfb-mobile-header-display":"","site-post-title":"","ast-breadcrumbs-content":"","ast-featured-img":"","footer-sml-layout":"","ast-disable-related-posts":"","theme-transparent-header-meta":"","adv-header-id-meta":"","stick-header-meta":"","header-above-stick-meta":"","header-main-stick-meta":"","header-below-stick-meta":"","astra-migrate-meta-layouts":"default","ast-page-background-enabled":"default","ast-page-background-meta":{"desktop":{"background-color":"var(--ast-global-color-5)","background-image":"","background-repeat":"repeat","background-position":"center center","background-size":"auto","background-attachment":"scroll","background-type":"","background-media":"","overlay-type":"","overlay-color":"","overlay-opacity":"","overlay-gradient":""},"tablet":{"background-color":"","background-image":"","background-repeat":"repeat","background-position":"center center","background-size":"auto","background-attachment":"scroll","background-type":"","background-media":"","overlay-type":"","overlay-color":"","overlay-opacity":"","overlay-gradient":""},"mobile":{"background-color":"","background-image":"","background-repeat":"repeat","background-position":"center center","background-size":"auto","background-attachment":"scroll","background-type":"","background-media":"","overlay-type":"","overlay-color":"","overlay-opacity":"","overlay-gradient":""}},"ast-content-background-meta":{"desktop":{"background-color":"var(--ast-global-color-4)","background-image":"","background-repeat":"repeat","background-position":"center center","background-size":"auto","background-attachment":"scroll","background-type":"","background-media":"","overlay-type":"","overlay-color":"","overlay-opacity":"","overlay-gradient":""},"tablet":{"background-color":"var(--ast-global-color-4)","background-image":"","background-repeat":"repeat","background-position":"center center","background-size":"auto","background-attachment":"scroll","background-type":"","background-media":"","overlay-type":"","overlay-color":"","overlay-opacity":"","overlay-gradient":""},"mobile":{"background-color":"var(--ast-global-color-4)","background-image":"","background-repeat":"repeat","background-position":"center center","background-size":"auto","background-attachment":"scroll","background-type":"","background-media":"","overlay-type":"","overlay-color":"","overlay-opacity":"","overlay-gradient":""}}},"product_brand":[],"product_cat":[135],"product_tag":[],"class_list":{"0":"post-98","1":"product","2":"type-product","3":"status-publish","4":"has-post-thumbnail","6":"product_cat-depressione","7":"desktop-align-left","8":"tablet-align-left","9":"mobile-align-left","11":"first","12":"instock","13":"shipping-taxable","14":"product-type-external"},"_links":{"self":[{"href":"https:\/\/www.angiomedica.eu\/catalogo\/wp-json\/wp\/v2\/product\/98","targetHints":{"allow":["GET"]}}],"collection":[{"href":"https:\/\/www.angiomedica.eu\/catalogo\/wp-json\/wp\/v2\/product"}],"about":[{"href":"https:\/\/www.angiomedica.eu\/catalogo\/wp-json\/wp\/v2\/types\/product"}],"replies":[{"embeddable":true,"href":"https:\/\/www.angiomedica.eu\/catalogo\/wp-json\/wp\/v2\/comments?post=98"}],"wp:featuredmedia":[{"embeddable":true,"href":"https:\/\/www.angiomedica.eu\/catalogo\/wp-json\/wp\/v2\/media\/128"}],"wp:attachment":[{"href":"https:\/\/www.angiomedica.eu\/catalogo\/wp-json\/wp\/v2\/media?parent=98"}],"wp:term":[{"taxonomy":"product_brand","embeddable":true,"href":"https:\/\/www.angiomedica.eu\/catalogo\/wp-json\/wp\/v2\/product_brand?post=98"},{"taxonomy":"product_cat","embeddable":true,"href":"https:\/\/www.angiomedica.eu\/catalogo\/wp-json\/wp\/v2\/product_cat?post=98"},{"taxonomy":"product_tag","embeddable":true,"href":"https:\/\/www.angiomedica.eu\/catalogo\/wp-json\/wp\/v2\/product_tag?post=98"}],"curies":[{"name":"wp","href":"https:\/\/api.w.org\/{rel}","templated":true}]}}