{"id":89,"date":"2025-09-14T15:40:06","date_gmt":"2025-09-14T15:40:06","guid":{"rendered":"https:\/\/www.angiomedica.eu\/catalogo\/?post_type=product&#038;p=89"},"modified":"2025-09-14T15:40:06","modified_gmt":"2025-09-14T15:40:06","slug":"zantac","status":"publish","type":"product","link":"https:\/\/www.angiomedica.eu\/catalogo\/product\/zantac\/","title":{"rendered":"Zantac"},"content":{"rendered":"<h1>Zantac (ranitidina) \u2014 Guida dettagliata al farmaco<\/h1>\n<h2>Informazioni generali<\/h2>\n<table>\n<tr>\n<th>Nome commerciale<\/th>\n<td>Zantac<\/td>\n<\/tr>\n<tr>\n<th>Principio attivo<\/th>\n<td>Ranitidina<\/td>\n<\/tr>\n<tr>\n<th>Classe farmacologica<\/th>\n<td>Antagonista dei recettori H2 dell&#8217;istamina (antisecretorio gastrico)<\/td>\n<\/tr>\n<tr>\n<th>Forme farmaceutiche comuni<\/th>\n<td>Compresse, sciroppo\/orale, soluzione iniettabile (a seconda del paese)<\/td>\n<\/tr>\n<tr>\n<th>Stato regolatorio importante<\/th>\n<td>Negli ultimi anni prodotti a base di ranitidina (incl. Zantac) sono stati ritirati o sospesi in molti paesi a causa della possibile presenza di un&#8217;impurezza (NDMA). Verificare sempre le raccomandazioni dell&#8217;autorit\u00e0 sanitaria locale e consultare il medico o il farmacista prima dell&#8217;uso.<\/td>\n<\/tr>\n<\/table>\n<h2>Indicazioni<\/h2>\n<ul>\n<li>Trattamento della malattia da reflusso gastroesofageo (GERD) e dei sintomi da reflusso (pirosi, rigurgito).<\/li>\n<li>Trattamento e prevenzione delle ulcere peptiche dello stomaco e del duodeno.<\/li>\n<li>Trattamento della gastrite ipersecretiva e condizioni associate a eccesso di acidit\u00e0 gastrica.<\/li>\n<li>Usato anche per ridurre la secrezione acida prima di procedure diagnostiche o chirurgiche in contesti ospedalieri (formulazioni parenterali).<\/li>\n<\/ul>\n<h2>Meccanismo d&#8217;azione<\/h2>\n<p>La ranitidina antagonizza i recettori H2 dell&#8217;istamina sulla mucosa gastrica, riducendo la secrezione di acido cloridrico da parte delle cellule parietali dello stomaco. Ci\u00f2 diminuisce l&#8217;acidit\u00e0 gastrica e favorisce la guarigione delle lesioni peptiche e l&#8217;alleviamento dei sintomi legati all&#8217;acidit\u00e0.<\/p>\n<h2>Dosaggi usuali (indicativi)<\/h2>\n<p>Le seguenti dosi sono esempi generali. Seguire sempre la prescrizione del medico e le indicazioni presenti sul foglio illustrativo locale.<\/p>\n<table>\n<tr>\n<th>Popolazione<\/th>\n<th>Indicazione<\/th>\n<th>Dosaggio tipico<\/th>\n<\/tr>\n<tr>\n<td>Adulti \u2014 ulcera duodenale<\/td>\n<td>Trattamento<\/td>\n<td>Ranitidina 150 mg per os due volte al giorno oppure 300 mg una volta al giorno (preferibilmente alla sera) per 4 settimane (o secondo prescrizione).<\/td>\n<\/tr>\n<tr>\n<td>Adulti \u2014 ulcera gastrica<\/td>\n<td>Trattamento<\/td>\n<td>150 mg per os due volte al giorno o 300 mg una volta al giorno per 6\u20138 settimane (o secondo prescrizione).<\/td>\n<\/tr>\n<tr>\n<td>Adulti \u2014 reflusso gastroesofageo<\/td>\n<td>Trattamento dei sintomi<\/td>\n<td>150 mg due volte al giorno o 300 mg la sera; durata variabile in base alla risposta clinica.<\/td>\n<\/tr>\n<tr>\n<td>Formulazione parenterale (ospedaliera)<\/td>\n<td>Contesto acuto<\/td>\n<td>Esempio: 50 mg IV ogni 6\u20138 ore (dosi e via di somministrazione variabili, uso solo in ambiente sanitario).<\/td>\n<\/tr>\n<tr>\n<td>Bambini<\/td>\n<td>Uso pediatrico<\/td>\n<td>La posologia pediatrica dipende da et\u00e0 e peso; usare solo se prescritto da un pediatra. Evitare automedicazione.<\/td>\n<\/tr>\n<tr>\n<td>Anziani \/ insufficienza renale<\/td>\n<td>Precauzioni<\/td>\n<td>Pu\u00f2 essere necessario aggiustare la dose in presenza di insufficienza renale; seguire indicazioni del medico.<\/td>\n<\/tr>\n<\/table>\n<h2>Modo d&#8217;uso<\/h2>\n<ul>\n<li>Assumere secondo quanto indicato dal medico o dal foglio illustrativo del prodotto locale.<\/li>\n<li>Le compresse possono essere assunte con o senza cibo. Se si usano antacidi contemporaneamente, separare le somministrazioni di 1\u20132 ore per evitare interferenze nell&#8217;assorbimento.<\/li>\n<li>Non interrompere bruscamente il trattamento senza consultare il medico, soprattutto se prescritto perulcere o reflusso cronico.<\/li>\n<\/ul>\n<h2>Controindicazioni<\/h2>\n<ul>\n<li>Ipersensibilit\u00e0 al principio attivo (ranitidina) o ad uno qualsiasi degli eccipienti.<\/li>\n<li>Se \u00e8 presente una condizione clinica per la quale la soppressione acida potrebbe mascherare i sintomi di una malattia grave non ancora diagnosticata (seguire valutazione medica).<\/li>\n<\/ul>\n<h2>Avvertenze e precauzioni<\/h2>\n<ul>\n<li>Verificare sempre lo stato regolatorio e i richiami del prodotto nel proprio paese: molti lotti di ranitidina sono stati ritirati per rischio di NDMA.<\/li>\n<li>Consultare il medico prima dell&#8217;uso in caso di grave insufficienza epatica o renale; pu\u00f2 essere necessario un aggiustamento di dose e monitoraggio.<\/li>\n<li>Segnalare al medico sintomi nuovi o peggioramento (es. perdita di peso non intenzionale, difficolt\u00e0 a deglutire, vomito persistente o sanguinamento gastrointestinale), che potrebbero indicare condizioni sottostanti pi\u00f9 gravi.<\/li>\n<li>Usare cautela negli anziani: maggiore rischio di confusione o alterazioni neurologiche.<\/li>\n<li>L&#8217;uso prolungato di farmaci che riducono l&#8217;acidit\u00e0 gastrica pu\u00f2 aumentare il rischio di infezioni gastrointestinali (es. Clostridioides difficile) e influire sull&#8217;assorbimento di alcune vitamine e minerali (es. vitamina B12, ferro).<\/li>\n<\/ul>\n<h2>Interazioni farmacologiche<\/h2>\n<ul>\n<li>Antiacidi: possono ridurre l&#8217;assorbimento della ranitidina se somministrati contemporaneamente; separare le somministrazioni di 1\u20132 ore.<\/li>\n<li>Farmaci la cui assorbimento \u00e8 dipendente dall&#8217;acidit\u00e0 gastrica (es. ketoconazolo, itraconazolo, atazanavir): la riduzione dell&#8217;acidit\u00e0 pu\u00f2 diminuire la loro efficacia.<\/li>\n<li>Farmaci metabolizzati dal fegato: bench\u00e9 la ranitidina abbia un profilo di interazione minore rispetto ad altri H2 antagonisti, potrebbero verificarsi interazioni farmacocinetiche con farmaci come warfarin, fenitoina, teofillina; monitorare gli effetti farmacologici e i livelli ematici quando appropriato.<\/li>\n<li>Segnalare sempre al medico o al farmacista tutti i medicinali in uso (prescritti, da banco, erbe, integratori) prima di iniziare la ranitidina.<\/li>\n<\/ul>\n<h2>Effetti indesiderati<\/h2>\n<p>Gli effetti riportati possono variare in frequenza e gravit\u00e0. Di seguito quelli pi\u00f9 comuni e quelli rari ma gravi.<\/p>\n<ul>\n<li>Effetti comuni: cefalea, nausea, vomito, diarrea, stitichezza, dolore addominale, affaticamento.<\/li>\n<li>Effetti meno comuni\/rarI: rash cutaneo, prurito, alterazioni della funzione epatica (aumento degli enzimi epatici), alterazioni del sangue (neutropenia, agranulocitosi, trombocitopenia), confusione o alterazioni neurologiche (soprattutto negli anziani o in pazienti con insufficienza epatica\/renale).<\/li>\n<li>Reazioni allergiche gravi (rare): edema della faccia, delle labbra o della gola, difficolt\u00e0 respiratorie, orticaria. In caso di sospetta reazione allergica grave, richiedere assistenza medica immediata.<\/li>\n<\/ul>\n<h2>Gravidanza e allattamento<\/h2>\n<ul>\n<li>In passato la ranitidina \u00e8 stata considerata relativamente sicura in gravidanza quando indicata; tuttavia, per qualsiasi farmaco in gravidanza consultare sempre il medico curante.<\/li>\n<li>La ranitidina passa nel latte materno in piccole quantit\u00e0. Se necessario, il medico valuter\u00e0 i benefici per la madre e i possibili rischi per il bambino allattato.<\/li>\n<li>A causa delle questioni regolatorie recenti (rischio NDMA), discutere con il medico alternative terapeutiche prima di usare prodotti a base di ranitidina durante gravidanza o allattamento.<\/li>\n<\/ul>\n<h2>Sovradosaggio<\/h2>\n<ul>\n<li>I sintomi di sovradosaggio possono includere sonnolenza, confusione e bruschi cambiamenti della funzione renale o epatica nei soggetti predisposti.<\/li>\n<li>In caso di sovradosaggio sospetto, contattare immediatamente i servizi di emergenza o un centro antiveleni locale. Portare con s\u00e9 il contenitore del farmaco, se possibile.<\/li>\n<li>Il trattamento \u00e8 principalmente di supporto e sintomatico; in ambiente ospedaliero pu\u00f2 essere utile la lavanda gastrica o altre misure secondo giudizio clinico.<\/li>\n<\/ul>\n<h2>Conservazione e smaltimento<\/h2>\n<ul>\n<li>Conservare il prodotto nella confezione originale, a temperatura ambiente, lontano da umidit\u00e0 e luce diretta, e fuori dalla portata dei bambini, salvo diverse indicazioni del produttore.<\/li>\n<li>Non usare farmaci scaduti o appartenenti a lotti soggetti a richiamo. Se si \u00e8 in possesso di Zantac\/ranitidina, verificare con l&#8217;autorit\u00e0 sanitaria locale o il farmacista se il prodotto \u00e8 stato ritirato dal mercato.<\/li>\n<li>Smaltire i farmaci scaduti o non utilizzati secondo le normative locali per lo smaltimento dei farmaci (non gettare nel water o nei rifiuti domestici, salvo diverso consiglio locale).<\/li>\n<\/ul>\n<h2>Cosa fare se hai dubbi o problemi<\/h2>\n<ul>\n<li>Parla con il tuo medico o farmacista prima di iniziare o interrompere Zantac\/ranitidina.<\/li>\n<li>Se noti effetti collaterali gravi o reazioni allergiche, cercare immediatamente assistenza medica.<\/li>\n<li>Verifica periodicamente le informazioni sul farmaco fornite dall&#8217;autorit\u00e0 sanitaria del tuo paese relativamente a richiami, avvertenze e alternative terapeutiche.<\/li>\n<\/ul>\n<h2>Note finali e alternative<\/h2>\n<ul>\n<li>A causa delle problematiche legate alla presenza di impurit\u00e0 (NDMA) in alcuni lotti, molte autorit\u00e0 sanitarie hanno ritirato o sospeso la vendita di ranitidina. Se ti \u00e8 stato prescritto Zantac, chiedi al medico se esistono alternative sicure ed efficaci nella tua situazione (es. famotidina, inibitori della pompa protonica come omeprazolo o esomeprazolo), che potrebbero essere preferite.<\/li>\n<li>Questa guida fornisce informazioni di carattere generale e non sostituisce il parere del medico curante. Seguire sempre le istruzioni del professionista sanitario e le informazioni aggiornate dell&#8217;autorit\u00e0 regolatoria locale.<\/li>\n<\/ul>\n","protected":false},"excerpt":{"rendered":"<p>Il principio attivo \u00e8 la ranitidina, commercializzata con il nome Zantac e come farmaco generico chiamato ranitidina; appartiene alla classe degli antagonisti dei recettori H2 e viene usata per ridurre l&#8217;acidit\u00e0 dello stomaco, trattare il bruciore di stomaco, il reflusso gastroesofageo, la gastrite e le ulcere gastriche e duodenali.<\/p>\n<h2>Prezzo di Zantac<\/h2>\n<p>La fascia di prezzo comune per la Zantac \u00e8 compresa tra 0.14\u20ac e 0.54\u20ac per pillole. Questo intervallo \u00e8 soggetto alle dimensioni della confezione e alla potenza degli ingredienti contenuti (60 o 360 pillole; 300mg, 150mg).<\/p>\n","protected":false},"featured_media":119,"comment_status":"open","ping_status":"closed","template":"","meta":{"site-sidebar-layout":"default","site-content-layout":"","ast-site-content-layout":"default","site-content-style":"default","site-sidebar-style":"default","ast-global-header-display":"","ast-banner-title-visibility":"","ast-main-header-display":"","ast-hfb-above-header-display":"","ast-hfb-below-header-display":"","ast-hfb-mobile-header-display":"","site-post-title":"","ast-breadcrumbs-content":"","ast-featured-img":"","footer-sml-layout":"","ast-disable-related-posts":"","theme-transparent-header-meta":"","adv-header-id-meta":"","stick-header-meta":"","header-above-stick-meta":"","header-main-stick-meta":"","header-below-stick-meta":"","astra-migrate-meta-layouts":"default","ast-page-background-enabled":"default","ast-page-background-meta":{"desktop":{"background-color":"var(--ast-global-color-5)","background-image":"","background-repeat":"repeat","background-position":"center center","background-size":"auto","background-attachment":"scroll","background-type":"","background-media":"","overlay-type":"","overlay-color":"","overlay-opacity":"","overlay-gradient":""},"tablet":{"background-color":"","background-image":"","background-repeat":"repeat","background-position":"center center","background-size":"auto","background-attachment":"scroll","background-type":"","background-media":"","overlay-type":"","overlay-color":"","overlay-opacity":"","overlay-gradient":""},"mobile":{"background-color":"","background-image":"","background-repeat":"repeat","background-position":"center center","background-size":"auto","background-attachment":"scroll","background-type":"","background-media":"","overlay-type":"","overlay-color":"","overlay-opacity":"","overlay-gradient":""}},"ast-content-background-meta":{"desktop":{"background-color":"var(--ast-global-color-4)","background-image":"","background-repeat":"repeat","background-position":"center center","background-size":"auto","background-attachment":"scroll","background-type":"","background-media":"","overlay-type":"","overlay-color":"","overlay-opacity":"","overlay-gradient":""},"tablet":{"background-color":"var(--ast-global-color-4)","background-image":"","background-repeat":"repeat","background-position":"center center","background-size":"auto","background-attachment":"scroll","background-type":"","background-media":"","overlay-type":"","overlay-color":"","overlay-opacity":"","overlay-gradient":""},"mobile":{"background-color":"var(--ast-global-color-4)","background-image":"","background-repeat":"repeat","background-position":"center center","background-size":"auto","background-attachment":"scroll","background-type":"","background-media":"","overlay-type":"","overlay-color":"","overlay-opacity":"","overlay-gradient":""}}},"product_brand":[],"product_cat":[132],"product_tag":[],"class_list":{"0":"post-89","1":"product","2":"type-product","3":"status-publish","4":"has-post-thumbnail","6":"product_cat-gastroenterici","7":"desktop-align-left","8":"tablet-align-left","9":"mobile-align-left","11":"first","12":"instock","13":"shipping-taxable","14":"product-type-external"},"_links":{"self":[{"href":"https:\/\/www.angiomedica.eu\/catalogo\/wp-json\/wp\/v2\/product\/89","targetHints":{"allow":["GET"]}}],"collection":[{"href":"https:\/\/www.angiomedica.eu\/catalogo\/wp-json\/wp\/v2\/product"}],"about":[{"href":"https:\/\/www.angiomedica.eu\/catalogo\/wp-json\/wp\/v2\/types\/product"}],"replies":[{"embeddable":true,"href":"https:\/\/www.angiomedica.eu\/catalogo\/wp-json\/wp\/v2\/comments?post=89"}],"wp:featuredmedia":[{"embeddable":true,"href":"https:\/\/www.angiomedica.eu\/catalogo\/wp-json\/wp\/v2\/media\/119"}],"wp:attachment":[{"href":"https:\/\/www.angiomedica.eu\/catalogo\/wp-json\/wp\/v2\/media?parent=89"}],"wp:term":[{"taxonomy":"product_brand","embeddable":true,"href":"https:\/\/www.angiomedica.eu\/catalogo\/wp-json\/wp\/v2\/product_brand?post=89"},{"taxonomy":"product_cat","embeddable":true,"href":"https:\/\/www.angiomedica.eu\/catalogo\/wp-json\/wp\/v2\/product_cat?post=89"},{"taxonomy":"product_tag","embeddable":true,"href":"https:\/\/www.angiomedica.eu\/catalogo\/wp-json\/wp\/v2\/product_tag?post=89"}],"curies":[{"name":"wp","href":"https:\/\/api.w.org\/{rel}","templated":true}]}}