{"id":28,"date":"2025-03-26T02:14:08","date_gmt":"2025-03-26T02:14:08","guid":{"rendered":"https:\/\/www.angiomedica.eu\/catalogo\/?post_type=product&#038;p=28"},"modified":"2025-03-26T02:14:08","modified_gmt":"2025-03-26T02:14:08","slug":"bactroban","status":"publish","type":"product","link":"https:\/\/www.angiomedica.eu\/catalogo\/product\/bactroban\/","title":{"rendered":"Bactroban"},"content":{"rendered":"<h1>Guida al medicinale: Bactroban (mupirocina)<\/h1>\n<p>Questa guida fornisce informazioni pratiche e rilevanti su Bactroban (mupirocina) ad uso topico. Non sostituisce il parere del medico o del farmacista. Per dubbi specifici sulla tua situazione clinica consulta un professionista sanitario.<\/p>\n<h2>Che cos&#8217;\u00e8<\/h2>\n<p>Bactroban contiene il principio attivo mupirocina (mupirocina 2% w\/w) ed \u00e8 un antibiotico topico appartenente alla classe degli inibitori della sintesi proteica batterica. \u00c8 indicato per il trattamento locale di infezioni cutanee batteriche causate da ceppi sensibili, e per l&#8217;eradicazione della portazione nasale di Staphylococcus aureus in programmi specifici sotto controllo medico.<\/p>\n<h2>Forme farmaceutiche e composizione<\/h2>\n<table border=\"1\" cellpadding=\"6\" cellspacing=\"0\">\n<tr>\n<th>Forma<\/th>\n<th>Concentrazione<\/th>\n<th>Principio attivo<\/th>\n<\/tr>\n<tr>\n<td>Unguento cutaneo<\/td>\n<td>2% (w\/w)<\/td>\n<td>Mupirocina<\/td>\n<\/tr>\n<tr>\n<td>Unguento nasale<\/td>\n<td>2% (w\/w)<\/td>\n<td>Mupirocina<\/td>\n<\/tr>\n<\/table>\n<h2>Indicazioni terapeutiche<\/h2>\n<ul>\n<li>Impetigine e altre infezioni cutanee superficiali causate da batteri sensibili.<\/li>\n<li>Infezioni cutanee localizzate (p. es. follicolite lieve), quando indicate dal medico.<\/li>\n<li>Eradicazione della portazione nasale di Staphylococcus aureus (incluso MRSA) in programmi specifici di decolonizzazione prescritti dal medico.<\/li>\n<\/ul>\n<h2>Modalit\u00e0 d&#8217;uso e posologia<\/h2>\n<p>Le dosi riportate sono linee guida generali. Seguire sempre la prescrizione medica.<\/p>\n<table border=\"1\" cellpadding=\"6\" cellspacing=\"0\">\n<tr>\n<th>Indicazione<\/th>\n<th>Modalit\u00e0 d&#8217;uso<\/th>\n<th>Durata tipica<\/th>\n<\/tr>\n<tr>\n<td>Infezioni cutanee (unguento cutaneo)<\/td>\n<td>Applicare uno strato sottile sulla zona interessata 3 volte al giorno. Lavare e asciugare la pelle prima dell&#8217;applicazione.<\/td>\n<td>Generalmente 5 giorni (o come indicato dal medico)<\/td>\n<\/tr>\n<tr>\n<td>Decolonizzazione nasale (unguento nasale)<\/td>\n<td>Applicare una piccola quantit\u00e0 (circa una punta di prodotto o quantit\u00e0 equivalente a un pisello) in ciascuna narice due volte al giorno. Premere le narici insieme per distribuire l&#8217;unguento.<\/td>\n<td>Tipicamente 5 giorni<\/td>\n<\/tr>\n<\/table>\n<h3>Istruzioni pratiche per l&#8217;applicazione<\/h3>\n<ul>\n<li>Lavare e asciugare la zona cutanea prima dell&#8217;applicazione.<\/li>\n<li>Usare una quantit\u00e0 sottile e uniforme; non riempire di prodotto la lesione.<\/li>\n<li>Dopo l&#8217;uso lavare le mani (a meno che non siano la zona trattata).<\/li>\n<li>Per l&#8217;uso nasale: pulire delicatamente il naso; applicare la quantit\u00e0 raccomandata in ciascuna narice e premere per distribuire l&#8217;unguento.<\/li>\n<li>Non utilizzare con bendaggi occlusivi su grandi superfici a meno che non sia indicato dal medico.<\/li>\n<\/ul>\n<h2>Controindicazioni<\/h2>\n<ul>\n<li>Ipersensibilit\u00e0 alla mupirocina o a uno qualunque degli eccipienti del prodotto.<\/li>\n<li>Non usare negli occhi o sulle membrane mucose interne (a meno che non sia un prodotto specifico per uso nasale prescritto).<\/li>\n<\/ul>\n<h2>Avvertenze e precauzioni<\/h2>\n<ul>\n<li>Non usare su ulcere estese, ustioni estese o infezioni sistemiche senza supervisione medica.<\/li>\n<li>Se i sintomi peggiorano o non migliorano entro 48\u201372 ore, rivolgersi al medico per rivalutazione; potrebbe essere necessaria terapia sistemica o esami microbiologici.<\/li>\n<li>Raramente si verifica assorbimento sistemico; tuttavia, usare con cautela su ampie aree o su pelle lesionata in pazienti fragili.<\/li>\n<li>Potenziale sviluppo di resistenza batterica con uso prolungato o ripetuto; usare solo per l&#8217;indicazione prescritta.<\/li>\n<li>Evitare il contatto con gli occhi; in caso di contatto sciacquare abbondantemente con acqua e consultare un medico se necessario.<\/li>\n<li>Informare il medico se si \u00e8 in gravidanza o in allattamento; l&#8217;uso topico comporta generalmente scarso assorbimento sistemico, ma va comunque valutato caso per caso.<\/li>\n<\/ul>\n<h2>Uso in gravidanza e allattamento<\/h2>\n<ul>\n<li>Non esistono dati adeguati e ben controllati sull&#8217;uso in gravidanza. L&#8217;applicazione topica comporta limitato assorbimento sistemico; tuttavia utilizzare solo se chiaramente necessario e sotto controllo medico.<\/li>\n<li>Durante l&#8217;allattamento evitare l&#8217;applicazione sul seno se il neonato pu\u00f2 venire a contatto con il prodotto. Consultare il medico prima dell&#8217;uso.<\/li>\n<\/ul>\n<h2>Popolazioni speciali<\/h2>\n<ul>\n<li>Bambini: pu\u00f2 essere usato nei bambini secondo prescrizione; per neonati e lattanti (specialmente sotto i 2 mesi) consultare il pediatra prima dell&#8217;uso.<\/li>\n<li>Anziani: non sono generalmente necessarie modifiche posologiche per ragioni d&#8217;et\u00e0, salvo compromissione renale\/epatica grave o condizioni cliniche particolari da valutare con il medico.<\/li>\n<\/ul>\n<h2>Effetti indesiderati<\/h2>\n<p>La maggior parte degli effetti indesiderati \u00e8 localizzata (irritazione cutanea). Elenco non esaustivo:<\/p>\n<ul>\n<li>Molto comuni\/Comuni: bruciore lieve o sensazione di formicolio, prurito, irritazione locale.<\/li>\n<li>Rari: dermatite da contatto allergica, eruzione cutanea, secchezza o arrossamento.<\/li>\n<li>Molto rari: reazioni allergiche sistemiche (orticaria, edema, difficolt\u00e0 respiratoria) \u2014 in tal caso richiedere immediata assistenza medica.<\/li>\n<\/ul>\n<h2>Interazioni<\/h2>\n<ul>\n<li>Per uso topico non sono note interazioni clinicamente rilevanti sistemiche con altri farmaci. Comunicabile al medico eventuale uso concomitante di altri prodotti topici (per prevenire irritazioni o interazioni locali).<\/li>\n<\/ul>\n<h2>Sovradosaggio<\/h2>\n<ul>\n<li>Il sovradosaggio per applicazione topica \u00e8 improbabile. In caso di applicazione eccessiva lavare la zona con acqua e sapone. In caso di ingestione accidentale consultare un centro antiveleni o il medico.<\/li>\n<\/ul>\n<h2>Cosa fare in caso di dimenticanza di una dose<\/h2>\n<ul>\n<li>Applicare la dose non appena ci si ricorda. Se \u00e8 quasi ora della dose successiva, saltare la dose dimenticata e proseguire con il normale schema posologico. Non raddoppiare la dose.<\/li>\n<\/ul>\n<h2>Conservazione e smaltimento<\/h2>\n<ul>\n<li>Conservare a temperatura come indicato nel foglio illustrativo (di solito sotto i 25 \u00b0C). Evitare il gelo.<\/li>\n<li>Tenere fuori dalla portata dei bambini.<\/li>\n<li>Smaltire il medicinale e il contenitore secondo le normative locali o riportarlo in farmacia per lo smaltimento sicuro.<\/li>\n<\/ul>\n<h2>Segnalazione di reazioni avverse<\/h2>\n<p>Segnalare qualsiasi effetto indesiderato al proprio medico, farmacista o attraverso il sistema nazionale di farmacovigilanza per contribuire alla sicurezza del medicinale.<\/p>\n<h2>Quando contattare il medico<\/h2>\n<ul>\n<li>Segni di reazione allergica (respiro difficoltoso, gonfiore del viso o della gola, orticaria).<\/li>\n<li>Peggioramento o diffusione dell&#8217;infezione, comparsa di febbre o mancato miglioramento dopo 48\u201372 ore.<\/li>\n<li>Irritazione persistente o comparsa di nuova eruzione cutanea.<\/li>\n<\/ul>\n<p>Questa guida \u00e8 informativa e non esaustiva. Per informazioni dettagliate consultare il foglio illustrativo del prodotto o rivolgersi al medico o al farmacista.<\/p>\n","protected":false},"excerpt":{"rendered":"<p>Bactroban \u00e8 un farmaco topico il cui principio attivo \u00e8 la mupirocina; \u00e8 venduto anche con altri nomi commerciali o come mupirocina generica, talvolta chiamato Centany. Si usa per trattare infezioni della pelle come impetigine, follicolite e piccole ferite infette, eliminando i batteri sulla pelle.<\/p>\n<h2>Prezzo Bactroban<\/h2>\n<p>Lo spettro dei prezzi per la Bactroban \u00e8 compreso tra 31.33\u20ac e 39.16\u20ac per creme. Si basa principalmente sul volume della confezione e sulla potenza dei principi attivi (1 o 10 creme; 5gm).<\/p>\n","protected":false},"featured_media":58,"comment_status":"open","ping_status":"closed","template":"","meta":{"site-sidebar-layout":"default","site-content-layout":"","ast-site-content-layout":"default","site-content-style":"default","site-sidebar-style":"default","ast-global-header-display":"","ast-banner-title-visibility":"","ast-main-header-display":"","ast-hfb-above-header-display":"","ast-hfb-below-header-display":"","ast-hfb-mobile-header-display":"","site-post-title":"","ast-breadcrumbs-content":"","ast-featured-img":"","footer-sml-layout":"","ast-disable-related-posts":"","theme-transparent-header-meta":"","adv-header-id-meta":"","stick-header-meta":"","header-above-stick-meta":"","header-main-stick-meta":"","header-below-stick-meta":"","astra-migrate-meta-layouts":"default","ast-page-background-enabled":"default","ast-page-background-meta":{"desktop":{"background-color":"var(--ast-global-color-5)","background-image":"","background-repeat":"repeat","background-position":"center center","background-size":"auto","background-attachment":"scroll","background-type":"","background-media":"","overlay-type":"","overlay-color":"","overlay-opacity":"","overlay-gradient":""},"tablet":{"background-color":"","background-image":"","background-repeat":"repeat","background-position":"center center","background-size":"auto","background-attachment":"scroll","background-type":"","background-media":"","overlay-type":"","overlay-color":"","overlay-opacity":"","overlay-gradient":""},"mobile":{"background-color":"","background-image":"","background-repeat":"repeat","background-position":"center center","background-size":"auto","background-attachment":"scroll","background-type":"","background-media":"","overlay-type":"","overlay-color":"","overlay-opacity":"","overlay-gradient":""}},"ast-content-background-meta":{"desktop":{"background-color":"var(--ast-global-color-4)","background-image":"","background-repeat":"repeat","background-position":"center center","background-size":"auto","background-attachment":"scroll","background-type":"","background-media":"","overlay-type":"","overlay-color":"","overlay-opacity":"","overlay-gradient":""},"tablet":{"background-color":"var(--ast-global-color-4)","background-image":"","background-repeat":"repeat","background-position":"center center","background-size":"auto","background-attachment":"scroll","background-type":"","background-media":"","overlay-type":"","overlay-color":"","overlay-opacity":"","overlay-gradient":""},"mobile":{"background-color":"var(--ast-global-color-4)","background-image":"","background-repeat":"repeat","background-position":"center center","background-size":"auto","background-attachment":"scroll","background-type":"","background-media":"","overlay-type":"","overlay-color":"","overlay-opacity":"","overlay-gradient":""}}},"product_brand":[],"product_cat":[19],"product_tag":[],"class_list":{"0":"post-28","1":"product","2":"type-product","3":"status-publish","4":"has-post-thumbnail","6":"product_cat-cura-della-pelle","7":"desktop-align-left","8":"tablet-align-left","9":"mobile-align-left","11":"first","12":"instock","13":"shipping-taxable","14":"product-type-external"},"_links":{"self":[{"href":"https:\/\/www.angiomedica.eu\/catalogo\/wp-json\/wp\/v2\/product\/28","targetHints":{"allow":["GET"]}}],"collection":[{"href":"https:\/\/www.angiomedica.eu\/catalogo\/wp-json\/wp\/v2\/product"}],"about":[{"href":"https:\/\/www.angiomedica.eu\/catalogo\/wp-json\/wp\/v2\/types\/product"}],"replies":[{"embeddable":true,"href":"https:\/\/www.angiomedica.eu\/catalogo\/wp-json\/wp\/v2\/comments?post=28"}],"wp:featuredmedia":[{"embeddable":true,"href":"https:\/\/www.angiomedica.eu\/catalogo\/wp-json\/wp\/v2\/media\/58"}],"wp:attachment":[{"href":"https:\/\/www.angiomedica.eu\/catalogo\/wp-json\/wp\/v2\/media?parent=28"}],"wp:term":[{"taxonomy":"product_brand","embeddable":true,"href":"https:\/\/www.angiomedica.eu\/catalogo\/wp-json\/wp\/v2\/product_brand?post=28"},{"taxonomy":"product_cat","embeddable":true,"href":"https:\/\/www.angiomedica.eu\/catalogo\/wp-json\/wp\/v2\/product_cat?post=28"},{"taxonomy":"product_tag","embeddable":true,"href":"https:\/\/www.angiomedica.eu\/catalogo\/wp-json\/wp\/v2\/product_tag?post=28"}],"curies":[{"name":"wp","href":"https:\/\/api.w.org\/{rel}","templated":true}]}}