{"id":24,"date":"2025-11-22T09:20:08","date_gmt":"2025-11-22T09:20:08","guid":{"rendered":"https:\/\/www.angiomedica.eu\/catalogo\/?post_type=product&#038;p=24"},"modified":"2025-11-22T09:20:08","modified_gmt":"2025-11-22T09:20:08","slug":"provigil","status":"publish","type":"product","link":"https:\/\/www.angiomedica.eu\/catalogo\/product\/provigil\/","title":{"rendered":"Provigil"},"content":{"rendered":"<h1>Provigil (modafinil) \u2014 Guida al farmaco<\/h1>\n<p>Questa scheda fornisce informazioni generali su Provigil (principio attivo: modafinil). Non sostituisce il parere del medico o del farmacista. Prima di iniziare, cambiare dose o interrompere il farmaco, consultare sempre un professionista sanitario.<\/p>\n<h2>Che cos&#8217;\u00e8 e a cosa serve<\/h2>\n<p>Provigil \u00e8 un farmaco attivante del sistema nervoso centrale utilizzato per migliorare la veglia in pazienti affetti da:<\/p>\n<ul>\n<li>narcolessia;<\/li>\n<li>disturbo del sonno legato al lavoro a turni (shift work sleep disorder);<\/li>\n<li>eccessiva sonnolenza diurna associata a sindrome delle apnee ostruttive del sonno (OSAHS), in aggiunta al trattamento delle apnee.<\/li>\n<\/ul>\n<h2>Meccanismo d&#8217;azione (breve)<\/h2>\n<p>Modafinil aumenta lo stato di veglia tramite effetti su vari sistemi monoaminergici e neurali; il meccanismo completo non \u00e8 completamente chiarito.<\/p>\n<h2>Informazioni sul dosaggio (indicative)<\/h2>\n<table border=\"1\" cellpadding=\"6\" cellspacing=\"0\">\n<tr>\n<th>Indicazione<\/th>\n<th>Dosaggio usuale in adulti<\/th>\n<th>Note<\/th>\n<\/tr>\n<tr>\n<td>Narcolessia<\/td>\n<td>200 mg una volta al mattino<\/td>\n<td>Alcuni pazienti possono richiedere aggiustamento (100\u2013400 mg\/die). Seguire le indicazioni del medico.<\/td>\n<\/tr>\n<tr>\n<td>Apnee ostruttive del sonno (OSAHS)<\/td>\n<td>200 mg una volta al mattino<\/td>\n<td>Da usare solo in aggiunta al trattamento specifico delle apnee (es. CPAP) e dopo aver valutato la causa della sonnolenza.<\/td>\n<\/tr>\n<tr>\n<td>Disturbo del sonno da lavoro a turni<\/td>\n<td>200 mg circa 1 ora prima dell&#8217;inizio del turno<\/td>\n<td>Non assumere troppo tardi per evitare insonnia.<\/td>\n<\/tr>\n<tr>\n<td>Massima dose raccomandata<\/td>\n<td>400 mg al giorno<\/td>\n<td>Non superare senza supervisione medica.<\/td>\n<\/tr>\n<tr>\n<td>Insufficienza epatica grave<\/td>\n<td>Dose ridotta (es. met\u00e0 dose)<\/td>\n<td>Consultare il medico; il farmaco viene eliminato dal fegato.<\/td>\n<\/tr>\n<\/table>\n<h2>Come assumere<\/h2>\n<ul>\n<li>Assumere per via orale con o senza cibo.<\/li>\n<li>Prendere alla stessa ora ogni giorno per mantenere effetto costante.<\/li>\n<li>Se usato per il lavoro a turni, assumere circa 1 ora prima dell&#8217;inizio del turno.<\/li>\n<li>Se dimentica una dose, assumerla appena se ne ricorda; se \u00e8 vicino all&#8217;ora di coricarsi, saltare la dose dimenticata per evitare insonnia. Non raddoppiare la dose.<\/li>\n<\/ul>\n<h2>Effetti indesiderati comuni<\/h2>\n<ul>\n<li>mal di testa;<\/li>\n<li>nausea;<\/li>\n<li>nervosismo, ansia;<\/li>\n<li>insonnia;<\/li>\n<li>secchezza delle fauci;<\/li>\n<li>vertigini;<\/li>\n<li>disturbi gastrointestinali (scarso appetito, diarrea).<\/li>\n<\/ul>\n<h2>Effetti indesiderati gravi (segnalare immediatamente)<\/h2>\n<p>Rivolgersi subito a un medico o al pronto soccorso in caso di:<\/p>\n<ul>\n<li>eruzione cutanea diffusa, vescicole, bolle o altre lesioni cutanee gravi (possibili sindromi atopiche gravi come Stevens-Johnson o necrolisi tossica epidermica);<\/li>\n<li>segni di reazione allergica grave: gonfiore del viso, labbra, lingua o gola, difficolt\u00e0 respiratoria;<\/li>\n<li>comportamenti o pensieri suicidari, gravi cambiamenti del comportamento, allucinazioni, mania, agitazione intensa;<\/li>\n<li>dolore toracico, battito cardiaco rapido o irregolare, respiro corto, pressione arteriosa significativamente elevata;<\/li>\n<li>segni di grave danno epatico (ittero, urine scure, dolore addominale persistente, stanchezza intensa).<\/li>\n<\/ul>\n<h2>Precauzioni e avvertenze<\/h2>\n<ul>\n<li>Informare il medico in caso di storia di malattie cardiache, ipertensione, disturbi psichiatrici (depressione, mania, psicosi), epilessia, problemi epatici o renali.<\/li>\n<li>Non guidare n\u00e9 usare macchinari finch\u00e9 non si conoscono gli effetti individuali sullo stato di vigilanza e sulla capacit\u00e0 di reazione.<\/li>\n<li>Segnalare immediatamente qualsiasi eruzione cutanea o sintomi sistemici sospetti; alcune reazioni cutanee possono essere potenzialmente fatali.<\/li>\n<li>Usare con cautela in pazienti con storia di abuso di droghe; modafinil ha un potenziale di abuso\/assuefazione inferiore rispetto ad altri stimolanti, ma non \u00e8 nullo.<\/li>\n<\/ul>\n<h2>Interazioni principali<\/h2>\n<p>Modafinil pu\u00f2 alterare i livelli di altri farmaci e viceversa. Esempi e raccomandazioni:<\/p>\n<ul>\n<li><strong>Contraccettivi orali<\/strong>: modafinil pu\u00f2 ridurre l&#8217;efficacia dei contraccettivi orali; \u00e8 consigliabile usare metodi contraccettivi aggiuntivi durante il trattamento e per almeno 1 mese dopo la sospensione, oppure considerare metodi non ormonali.<\/li>\n<li><strong>Anticoagulanti (es. warfarin)<\/strong>: pu\u00f2 modificare l&#8217;attivit\u00e0; monitorare INR e aggiustare dose se necessario.<\/li>\n<li><strong>Farmaci metabolizzati dal CYP3A4<\/strong>: modafinil pu\u00f2 aumentare il metabolismo di tali farmaci e ridurne l&#8217;efficacia (es. alcuni anticoncezionali, immunosoppressori); il medico valuter\u00e0 la necessit\u00e0 di monitoraggio\/aggiustamento.<\/li>\n<li><strong>Farmaci metabolizzati dal CYP2C19<\/strong>: modafinil pu\u00f2 alterarne i livelli (potenzialmente aumentarli); consultare il medico o farmacista.<\/li>\n<li><strong>Altri stimolanti o farmaci psicoattivi<\/strong>: possono potenziare effetti cardiovascolari o psichiatrici; usare con cautela e sotto controllo medico.<\/li>\n<li>Prima di iniziare o interrompere modafinil, informare sempre il medico di tutti i farmaci, integratori e piante medicinali assunti.<\/li>\n<\/ul>\n<h2>Controindicazioni<\/h2>\n<ul>\n<li>ipersensibilit\u00e0 nota al modafinil o ad uno qualsiasi degli eccipienti;<\/li>\n<li>storia di reazioni cutanee gravi a modafinil;<\/li>\n<li>uso concomitante con inibitori delle monoaminoossidasi (MAO) deve essere evitato o attentamente valutato (interazioni potenzialmente pericolose); seguire le istruzioni del medico.<\/li>\n<\/ul>\n<h2>Gravidanza e allattamento<\/h2>\n<ul>\n<li>Informare il medico se si \u00e8 in gravidanza, si sospetta una gravidanza o si sta pianificando una gravidanza. I dati in gravidanza sono limitati; modafinil dovrebbe essere usato solo se il beneficio giustifica il rischio per il feto.<\/li>\n<li>Modafinil passa nel latte materno; si consiglia di non allattare durante il trattamento o di valutare con il medico la sospensione del farmaco o dell&#8217;allattamento.<\/li>\n<\/ul>\n<h2>Uso nei bambini e negli anziani<\/h2>\n<ul>\n<li>Uso pediatrico: la sicurezza e l&#8217;efficacia nei bambini e negli adolescenti non sono ben stabilite; in alcune giurisdizioni l&#8217;uso pediatrico non \u00e8 raccomandato a causa del rischio aumentato di reazioni cutanee gravi. Consultare uno specialista pediatra o neurologista.<\/li>\n<li>Anziani: valutare la funzione epatica e la presenza di patologie concomitanti; iniziare con attenzione e monitorare per effetti cardiovascolari e psichiatrici.<\/li>\n<\/ul>\n<h2>Sovradosaggio<\/h2>\n<p>I segni di sovradosaggio possono includere agitazione, confusione, tremori, tachicardia, ipertensione, allucinazioni e insonnia. In caso di sospetto sovradosaggio, contattare immediatamente il pronto soccorso o un centro antiveleni e portare la confezione del farmaco.<\/p>\n<h2>Conservazione e smaltimento<\/h2>\n<ul>\n<li>Conservare a temperatura ambiente, lontano da fonti di calore e umidit\u00e0.<\/li>\n<li>Mantenere fuori dalla portata dei bambini.<\/li>\n<li>Smaltire i farmaci scaduti o non usati secondo le indicazioni del farmacista o delle normative locali sulla gestione dei rifiuti farmaceutici.<\/li>\n<\/ul>\n<h2>Monitoring e follow-up<\/h2>\n<ul>\n<li>Monitorare la pressione arteriosa e la frequenza cardiaca regolarmente.<\/li>\n<li>Segnalare al medico ogni cambiamento dell&#8217;umore, idee suicide, o sintomi psichiatrici nuovi o peggiorati.<\/li>\n<li>Consultare il medico in caso di comparsa di rash cutaneo o sintomi sistemici.<\/li>\n<li>Verificare interazioni farmacologiche quando si introducono o sospendono altri medicinali.<\/li>\n<\/ul>\n<h2>Informazioni pratiche e consigli<\/h2>\n<ul>\n<li>Portare sempre con s\u00e9 una lista aggiornata dei farmaci che si assume.<\/li>\n<li>Non condividere il medicinale con altre persone.<\/li>\n<li>Se si deve sottoporre ad anestesia o a procedure mediche, informare l&#8217;anestesista che si sta assumendo modafinil.<\/li>\n<\/ul>\n<h2>Quando contattare il medico<\/h2>\n<p>Contattare il medico immediatamente se si manifestano:<\/p>\n<ul>\n<li>eruzione cutanea o bolle sulla pelle;<\/li>\n<li>respiro difficoltoso o gonfiore del viso;<\/li>\n<li>grave cambiamento del comportamento o pensieri suicidari;<\/li>\n<li>palpitazioni, dolore toracico, svenimento;<\/li>\n<li>segni di danno epatico (ittero, urine scure).<\/li>\n<\/ul>\n<p><strong>Nota finale:<\/strong> Questa guida \u00e8 a scopo informativo. Per domande specifiche sulla tua situazione clinica, dosaggio o interazioni con altri farmaci, rivolgiti al medico o al farmacista.<\/p>\n","protected":false},"excerpt":{"rendered":"<p>Provigil \u00e8 un nome commerciale del principio attivo modafinil; altri nomi usati sono Modavigil, Alertec e Modiodal, oltre alla versione generica modafinil. \u00c8 un medicinale che aiuta a mantenere svegli e ridurre la sonnolenza eccessiva in condizioni come narcolessia, apnea del sonno e disturbo da lavoro a turni.<\/p>\n<h2>Prezzo Provigil<\/h2>\n<p>La struttura dei prezzi per la Provigil \u00e8 fissata tra 0.79\u20ac e 1.69\u20ac per ogni pillole. Essa riflette le dimensioni della confezione e la concentrazione di ingredienti (30 o 360 pillole; 200mg, 100mg).<\/p>\n","protected":false},"featured_media":54,"comment_status":"open","ping_status":"closed","template":"","meta":{"site-sidebar-layout":"default","site-content-layout":"","ast-site-content-layout":"default","site-content-style":"default","site-sidebar-style":"default","ast-global-header-display":"","ast-banner-title-visibility":"","ast-main-header-display":"","ast-hfb-above-header-display":"","ast-hfb-below-header-display":"","ast-hfb-mobile-header-display":"","site-post-title":"","ast-breadcrumbs-content":"","ast-featured-img":"","footer-sml-layout":"","ast-disable-related-posts":"","theme-transparent-header-meta":"","adv-header-id-meta":"","stick-header-meta":"","header-above-stick-meta":"","header-main-stick-meta":"","header-below-stick-meta":"","astra-migrate-meta-layouts":"default","ast-page-background-enabled":"default","ast-page-background-meta":{"desktop":{"background-color":"var(--ast-global-color-5)","background-image":"","background-repeat":"repeat","background-position":"center center","background-size":"auto","background-attachment":"scroll","background-type":"","background-media":"","overlay-type":"","overlay-color":"","overlay-opacity":"","overlay-gradient":""},"tablet":{"background-color":"","background-image":"","background-repeat":"repeat","background-position":"center center","background-size":"auto","background-attachment":"scroll","background-type":"","background-media":"","overlay-type":"","overlay-color":"","overlay-opacity":"","overlay-gradient":""},"mobile":{"background-color":"","background-image":"","background-repeat":"repeat","background-position":"center center","background-size":"auto","background-attachment":"scroll","background-type":"","background-media":"","overlay-type":"","overlay-color":"","overlay-opacity":"","overlay-gradient":""}},"ast-content-background-meta":{"desktop":{"background-color":"var(--ast-global-color-4)","background-image":"","background-repeat":"repeat","background-position":"center center","background-size":"auto","background-attachment":"scroll","background-type":"","background-media":"","overlay-type":"","overlay-color":"","overlay-opacity":"","overlay-gradient":""},"tablet":{"background-color":"var(--ast-global-color-4)","background-image":"","background-repeat":"repeat","background-position":"center center","background-size":"auto","background-attachment":"scroll","background-type":"","background-media":"","overlay-type":"","overlay-color":"","overlay-opacity":"","overlay-gradient":""},"mobile":{"background-color":"var(--ast-global-color-4)","background-image":"","background-repeat":"repeat","background-position":"center center","background-size":"auto","background-attachment":"scroll","background-type":"","background-media":"","overlay-type":"","overlay-color":"","overlay-opacity":"","overlay-gradient":""}}},"product_brand":[],"product_cat":[18],"product_tag":[],"class_list":{"0":"post-24","1":"product","2":"type-product","3":"status-publish","4":"has-post-thumbnail","6":"product_cat-aiuti-per-il-sonno","7":"desktop-align-left","8":"tablet-align-left","9":"mobile-align-left","11":"first","12":"instock","13":"shipping-taxable","14":"product-type-external"},"_links":{"self":[{"href":"https:\/\/www.angiomedica.eu\/catalogo\/wp-json\/wp\/v2\/product\/24","targetHints":{"allow":["GET"]}}],"collection":[{"href":"https:\/\/www.angiomedica.eu\/catalogo\/wp-json\/wp\/v2\/product"}],"about":[{"href":"https:\/\/www.angiomedica.eu\/catalogo\/wp-json\/wp\/v2\/types\/product"}],"replies":[{"embeddable":true,"href":"https:\/\/www.angiomedica.eu\/catalogo\/wp-json\/wp\/v2\/comments?post=24"}],"wp:featuredmedia":[{"embeddable":true,"href":"https:\/\/www.angiomedica.eu\/catalogo\/wp-json\/wp\/v2\/media\/54"}],"wp:attachment":[{"href":"https:\/\/www.angiomedica.eu\/catalogo\/wp-json\/wp\/v2\/media?parent=24"}],"wp:term":[{"taxonomy":"product_brand","embeddable":true,"href":"https:\/\/www.angiomedica.eu\/catalogo\/wp-json\/wp\/v2\/product_brand?post=24"},{"taxonomy":"product_cat","embeddable":true,"href":"https:\/\/www.angiomedica.eu\/catalogo\/wp-json\/wp\/v2\/product_cat?post=24"},{"taxonomy":"product_tag","embeddable":true,"href":"https:\/\/www.angiomedica.eu\/catalogo\/wp-json\/wp\/v2\/product_tag?post=24"}],"curies":[{"name":"wp","href":"https:\/\/api.w.org\/{rel}","templated":true}]}}