{"id":102,"date":"2025-09-03T19:12:31","date_gmt":"2025-09-03T19:12:31","guid":{"rendered":"https:\/\/www.angiomedica.eu\/catalogo\/?post_type=product&#038;p=102"},"modified":"2025-09-03T19:12:31","modified_gmt":"2025-09-03T19:12:31","slug":"cardura","status":"publish","type":"product","link":"https:\/\/www.angiomedica.eu\/catalogo\/product\/cardura\/","title":{"rendered":"Cardura"},"content":{"rendered":"<h1>Guida al farmaco: Cardura (doxazosina)<\/h1>\n<p><strong>Nome comune:<\/strong> doxazosina<\/p>\n<p><strong>Denominazione commerciale:<\/strong> Cardura (incluso Cardura XL per formulazione a rilascio prolungato)<\/p>\n<h2>Che cos&#8217;\u00e8 e a cosa serve<\/h2>\n<p>Cardura appartiene alla classe degli alfa-1 bloccanti. Viene impiegato principalmente per:<\/p>\n<ul>\n<li>Trattare l&#8217;ipertensione arteriosa (ridurre la pressione sanguigna).<\/li>\n<li>Alleviare i sintomi dell&#8217;iperplasia prostatica benigna (IPB\/BPH), migliorando il flusso urinario.<\/li>\n<\/ul>\n<h2>Informazioni rapide (tabella riassuntiva)<\/h2>\n<table border=\"1\" cellpadding=\"4\" cellspacing=\"0\">\n<tr>\n<th>Principio attivo<\/th>\n<td>doxazosina<\/td>\n<\/tr>\n<tr>\n<th>Classe farmacologica<\/th>\n<td>Alfa-1 bloccante<\/td>\n<\/tr>\n<tr>\n<th>Formulazioni<\/th>\n<td>Compresse a rilascio immediato, compresse a rilascio prolungato (XL)<\/td>\n<\/tr>\n<tr>\n<th>Indicazioni principali<\/th>\n<td>Ipertensione, sintomi dell&#8217;IPB<\/td>\n<\/tr>\n<tr>\n<th>Modalit\u00e0 di somministrazione<\/th>\n<td>Per os (orale), una volta al giorno (spesso alla sera per ridurre l&#8217;effetto della prima dose)<\/td>\n<\/tr>\n<tr>\n<th>Conservazione<\/th>\n<td>Temperatura ambiente, lontano da umidit\u00e0 e luce, fuori dalla portata dei bambini<\/td>\n<\/tr>\n<\/table>\n<h2>Posologia (linee guida generali)<\/h2>\n<p>Le seguenti indicazioni sono di carattere generale. Seguire sempre la prescrizione e le istruzioni del medico.<\/p>\n<ul>\n<li><strong>Ipertensione (compresse a rilascio immediato):<\/strong> spesso si inizia con 1 mg al giorno alla sera; la dose pu\u00f2 essere aumentata gradualmente (es. 2 mg, 4 mg) a intervalli settimanali in base alla risposta, fino alle dosi prescritte dal medico. Dose efficace usuale: 1\u20138 mg\/die (varia in base al paziente).<\/li>\n<li><strong>IPB (iperplasia prostatica benigna):<\/strong> si pu\u00f2 iniziare con 1 mg alla sera; la dose viene generalmente titolata a 4\u20138 mg\/die a seconda della risposta clinica. <\/li>\n<li><strong>Cardura XL (rilascio prolungato):<\/strong> tipicamente inizia con 4 mg una volta al giorno; se necessario la dose pu\u00f2 essere aumentata (es. 8 mg una volta al giorno). Non frantumare n\u00e9 masticare le compresse XL.<\/li>\n<\/ul>\n<p><em>Nota importante:<\/em> il regime posologico deve essere adattato in base allo stato clinico, all&#8217;et\u00e0, alla funzione epatica\/renale e alle terapie concomitanti. Non modificare la dose senza consultare il medico.<\/p>\n<h2>Come assumere<\/h2>\n<ul>\n<li>Assumere per via orale, preferibilmente alla stessa ora ogni giorno.<\/li>\n<li>Per ridurre il rischio di ipotensione ortostatica (caduta della pressione quando ci si alza), la prima dose e qualsiasi aumento di dose iniziale \u00e8 spesso somministrato alla sera, prima di coricarsi.<\/li>\n<li>Le compresse a rilascio prolungato (XL) devono essere ingerite intere; non dividere, rompere o masticare.<\/li>\n<li>Se si prende con o senza cibo, seguire le indicazioni del medico o del foglietto illustrativo del prodotto.<\/li>\n<\/ul>\n<h2>Effetti indesiderati comuni<\/h2>\n<p>Gli effetti indesiderati variano in frequenza e gravit\u00e0. I pi\u00f9 comuni includono:<\/p>\n<ul>\n<li>Ipotensione ortostatica (vertigini o svenimento al cambiamento di posizione)<\/li>\n<li>Capogiro, mal di testa<\/li>\n<li>Astenia (stanchezza)<\/li>\n<li>Raffreddore\/ congestione nasale<\/li>\n<li>Palpitazioni<\/li>\n<li>Disturbi gastrointestinali (nausea, diarrea)<\/li>\n<\/ul>\n<h2>Effetti indesiderati gravi (rari)<\/h2>\n<ul>\n<li>Ipotensione grave con sincope<\/li>\n<li>Reazioni allergiche severe (eruzione cutanea, prurito, gonfiore del volto, difficolt\u00e0 respiratorie)<\/li>\n<li>Priapismo (erezione prolungata e dolorosa) \u2014 richiede immediata assistenza medica<\/li>\n<li>Sintomi di insufficienza epatica o peggioramento epatico (se sospetti, consultare il medico)<\/li>\n<\/ul>\n<h2>Controindicazioni<\/h2>\n<ul>\n<li>Ipersensibilit\u00e0 alla doxazosina o ad altri alfa-1 bloccanti<\/li>\n<li>Storia di reazioni allergiche gravi al farmaco<\/li>\n<\/ul>\n<h2>Precauzioni e avvertenze<\/h2>\n<ul>\n<li>Rischio di ipotensione ortostatica: alzarsi lentamente da posizione sdraiata o seduta. La prima dose e gli aumenti di dose possono provocare vertigini o svenimento.<\/li>\n<li>Informare il medico se si soffre di malattie cardiache, cerebrovascolari, epatiche o renali.<\/li>\n<li>Attenzione durante la guida o l&#8217;uso di macchinari fino a quando non si conoscono gli effetti sul proprio equilibrio e vigilanza.<\/li>\n<li>Segnalare al chirurgo o all&#8217;oculista l&#8217;assunzione di alfa-1 bloccanti prima di una chirurgia per la cataratta: uso di alfa-bloccanti \u00e8 associato al rischio di &#8220;Intraoperative Floppy Iris Syndrome&#8221; (IFIS) durante interventi oftalmici.<\/li>\n<li>Usare cautela negli anziani (maggiore rischio di ipotensione e cadute).<\/li>\n<li>Valutare la funzione epatica poich\u00e9 il farmaco \u00e8 metabolizzato principalmente a livello epatico; in caso di insufficienza epatica pu\u00f2 essere necessario un aggiustamento della dose o monitoraggio pi\u00f9 attento.<\/li>\n<\/ul>\n<h2>Interazioni farmacologiche importanti<\/h2>\n<p>Comunicare sempre al medico e al farmacista tutti i farmaci, integratori e rimedi erboristici in uso. Alcune interazioni rilevanti:<\/p>\n<ul>\n<li>Altri antipertensivi, nitrati o vasodilatatori: aumento del rischio di ipotensione sintomatica.<\/li>\n<li>Inibitori della fosfodiesterasi-5 (es. sildenafil, tadalafil): possibile aumento del rischio di ipotensione; cautela quando usati insieme.<\/li>\n<li>Farmaci che influenzano il metabolismo epatico (CYP3A4): potenti inibitori o induttori enzimatichi potrebbero alterare i livelli di doxazosina (monitoraggio consigliato).<\/li>\n<li>Alcol: pu\u00f2 accentuare gli effetti ipotensivi e la sonnolenza.<\/li>\n<\/ul>\n<h2>Assunzione in gravidanza e allattamento<\/h2>\n<ul>\n<li>Non ci sono dati sufficienti sull&#8217;uso di doxazosina durante la gravidanza; l&#8217;uso non \u00e8 raccomandato se non strettamente necessario e sotto indicazione medica.<\/li>\n<li>Non \u00e8 noto se doxazosina passi nel latte materno; le madri in allattamento devono consultare il medico prima di assumere il farmaco.<\/li>\n<\/ul>\n<h2>Uso in particolari categorie di pazienti<\/h2>\n<ul>\n<li>Anziani: maggiore sensibilit\u00e0 agli effetti ipotensivi; iniziare con dosi pi\u00f9 basse e monitorare.<\/li>\n<li>Insufficienza epatica: richiede cautela e possibile monitoraggio pi\u00f9 frequente; valutare riduzione della dose.<\/li>\n<li>Insufficienza renale: generalmente non \u00e8 necessario aggiustare la dose solo per la funzione renale lieve-moderata, ma monitorare clinicamente.<\/li>\n<\/ul>\n<h2>Monitoraggio<\/h2>\n<ul>\n<li>Controllo regolare della pressione arteriosa (in posizione supina e in piedi quando indicato).<\/li>\n<li>Valutazione dei sintomi urinari nei pazienti con IPB (miglioramento di flusso e sintomi).<\/li>\n<li>Esami di funzionalit\u00e0 epatica se indicati dal medico.<\/li>\n<li>Monitoraggio di effetti collaterali che possono richiedere adeguamento terapeutico.<\/li>\n<\/ul>\n<h2>Cosa fare in caso di dose dimenticata<\/h2>\n<ul>\n<li>Se si dimentica una dose, assumerla non appena se ne ricorda se manca ancora molto tempo alla dose successiva.<\/li>\n<li>Se \u00e8 quasi l&#8217;ora della dose successiva, non prendere la dose dimenticata; non raddoppiare la dose per compensare.<\/li>\n<\/ul>\n<h2>Sovradosaggio<\/h2>\n<p>I sintomi principali di sovradosaggio sono ipotensione grave e tachicardia riflessa. In caso di sospetto sovradosaggio:<\/p>\n<ul>\n<li>Chiamare immediatamente il pronto soccorso o il centro antiveleni.<\/li>\n<li>Il trattamento \u00e8 di supporto: monitoraggio dei segni vitali, somministrazione di liquidi per via endovenosa e, se necessario, farmaci vasopressori sotto supervisione medica.<\/li>\n<\/ul>\n<h2>Conservazione<\/h2>\n<ul>\n<li>Conservare a temperatura ambiente (seguire le indicazioni sul foglietto illustrativo).<\/li>\n<li>Tenere lontano dalla portata dei bambini.<\/li>\n<li>Non usare dopo la data di scadenza riportata sulla confezione.<\/li>\n<\/ul>\n<h2>Consigli per il paziente<\/h2>\n<ul>\n<li>Leggere sempre il foglietto illustrativo incluso nella confezione.<\/li>\n<li>Non interrompere il trattamento senza consultare il medico, anche se i sintomi migliorano.<\/li>\n<li>Segnalare immediatamente al medico vertigini gravi, svenimenti, battito cardiaco irregolare o segni di reazione allergica.<\/li>\n<li>Informare gli operatori sanitari e il dentista che si sta assumendo doxazosina prima di procedure, in particolare interventi per cataratta.<\/li>\n<li>Evitare l&#8217;alcol e fare attenzione con attivit\u00e0 che richiedono vigilanza finch\u00e9 non si conoscono gli effetti individuali del farmaco.<\/li>\n<\/ul>\n<h2>Fonti e riferimenti<\/h2>\n<p>Questa guida fornisce informazioni generali su Cardura (doxazosina) a scopo informativo. Non sostituisce il parere medico. Per indicazioni personalizzate, eventuali dubbi o problemi, rivolgersi al medico curante o al farmacista.<\/p>\n<p style=\"font-weight:bold; color:darkred;\">Avvertenza: seguire sempre le indicazioni del medico. In caso di emergenza o reazioni gravi, rivolgersi al pronto soccorso.<\/p>\n","protected":false},"excerpt":{"rendered":"<p>Cardura contiene il principio attivo doxazosina (spesso indicata come doxazosina mesilato) ed \u00e8 disponibile anche come Cardura XL o come farmaco generico doxazosina. \u00c8 un medicinale alfa-bloccante usato per ridurre la pressione alta e per alleviare i sintomi dell\u2019iperplasia prostatica benigna, rilassando i muscoli della prostata e dei vasi sanguigni.<\/p>\n<h2>Prezzo Cardura<\/h2>\n<p>Lo spettro dei prezzi di Cardura si estende da 0.28\u20ac a 1.54\u20ac per ogni pillole. I fattori chiave che influenzano il prezzo sono l&#8217;ampiezza della confezione e il grado di sostanze attive (30 o 360 pillole; 4mg, 2mg).<\/p>\n","protected":false},"featured_media":132,"comment_status":"open","ping_status":"closed","template":"","meta":{"site-sidebar-layout":"default","site-content-layout":"","ast-site-content-layout":"default","site-content-style":"default","site-sidebar-style":"default","ast-global-header-display":"","ast-banner-title-visibility":"","ast-main-header-display":"","ast-hfb-above-header-display":"","ast-hfb-below-header-display":"","ast-hfb-mobile-header-display":"","site-post-title":"","ast-breadcrumbs-content":"","ast-featured-img":"","footer-sml-layout":"","ast-disable-related-posts":"","theme-transparent-header-meta":"","adv-header-id-meta":"","stick-header-meta":"","header-above-stick-meta":"","header-main-stick-meta":"","header-below-stick-meta":"","astra-migrate-meta-layouts":"default","ast-page-background-enabled":"default","ast-page-background-meta":{"desktop":{"background-color":"var(--ast-global-color-5)","background-image":"","background-repeat":"repeat","background-position":"center center","background-size":"auto","background-attachment":"scroll","background-type":"","background-media":"","overlay-type":"","overlay-color":"","overlay-opacity":"","overlay-gradient":""},"tablet":{"background-color":"","background-image":"","background-repeat":"repeat","background-position":"center center","background-size":"auto","background-attachment":"scroll","background-type":"","background-media":"","overlay-type":"","overlay-color":"","overlay-opacity":"","overlay-gradient":""},"mobile":{"background-color":"","background-image":"","background-repeat":"repeat","background-position":"center center","background-size":"auto","background-attachment":"scroll","background-type":"","background-media":"","overlay-type":"","overlay-color":"","overlay-opacity":"","overlay-gradient":""}},"ast-content-background-meta":{"desktop":{"background-color":"var(--ast-global-color-4)","background-image":"","background-repeat":"repeat","background-position":"center center","background-size":"auto","background-attachment":"scroll","background-type":"","background-media":"","overlay-type":"","overlay-color":"","overlay-opacity":"","overlay-gradient":""},"tablet":{"background-color":"var(--ast-global-color-4)","background-image":"","background-repeat":"repeat","background-position":"center center","background-size":"auto","background-attachment":"scroll","background-type":"","background-media":"","overlay-type":"","overlay-color":"","overlay-opacity":"","overlay-gradient":""},"mobile":{"background-color":"var(--ast-global-color-4)","background-image":"","background-repeat":"repeat","background-position":"center center","background-size":"auto","background-attachment":"scroll","background-type":"","background-media":"","overlay-type":"","overlay-color":"","overlay-opacity":"","overlay-gradient":""}}},"product_brand":[],"product_cat":[131],"product_tag":[],"class_list":{"0":"post-102","1":"product","2":"type-product","3":"status-publish","4":"has-post-thumbnail","6":"product_cat-salute-delluomo","7":"desktop-align-left","8":"tablet-align-left","9":"mobile-align-left","11":"first","12":"instock","13":"shipping-taxable","14":"product-type-external"},"_links":{"self":[{"href":"https:\/\/www.angiomedica.eu\/catalogo\/wp-json\/wp\/v2\/product\/102","targetHints":{"allow":["GET"]}}],"collection":[{"href":"https:\/\/www.angiomedica.eu\/catalogo\/wp-json\/wp\/v2\/product"}],"about":[{"href":"https:\/\/www.angiomedica.eu\/catalogo\/wp-json\/wp\/v2\/types\/product"}],"replies":[{"embeddable":true,"href":"https:\/\/www.angiomedica.eu\/catalogo\/wp-json\/wp\/v2\/comments?post=102"}],"wp:featuredmedia":[{"embeddable":true,"href":"https:\/\/www.angiomedica.eu\/catalogo\/wp-json\/wp\/v2\/media\/132"}],"wp:attachment":[{"href":"https:\/\/www.angiomedica.eu\/catalogo\/wp-json\/wp\/v2\/media?parent=102"}],"wp:term":[{"taxonomy":"product_brand","embeddable":true,"href":"https:\/\/www.angiomedica.eu\/catalogo\/wp-json\/wp\/v2\/product_brand?post=102"},{"taxonomy":"product_cat","embeddable":true,"href":"https:\/\/www.angiomedica.eu\/catalogo\/wp-json\/wp\/v2\/product_cat?post=102"},{"taxonomy":"product_tag","embeddable":true,"href":"https:\/\/www.angiomedica.eu\/catalogo\/wp-json\/wp\/v2\/product_tag?post=102"}],"curies":[{"name":"wp","href":"https:\/\/api.w.org\/{rel}","templated":true}]}}